{"id":79,"date":"2024-10-09T11:17:24","date_gmt":"2024-10-09T11:17:24","guid":{"rendered":"https:\/\/themes.templatescoder.com\/sastra-addon\/jewelco-pro\/?page_id=79"},"modified":"2025-02-23T16:06:19","modified_gmt":"2025-02-23T16:06:19","slug":"about-us","status":"publish","type":"page","link":"https:\/\/soccertickets.shop\/nb\/about-us\/","title":{"rendered":"Om oss"},"content":{"rendered":"<div data-elementor-type=\"wp-page\" data-elementor-id=\"79\" class=\"elementor elementor-79\">\n\t\t\t\t\t\t<section class=\"elementor-section elementor-top-section elementor-element elementor-element-6a144c5 elementor-section-boxed elementor-section-height-default elementor-section-height-default tmpcoder-jarallax-no tmpcoder-parallax-no tmpcoder-particle-no tmpcoder-sticky-section-no\" data-id=\"6a144c5\" data-element_type=\"section\" data-e-type=\"section\" data-settings=\"{&quot;background_background&quot;:&quot;classic&quot;}\">\n\t\t\t\t\t\t\t<div class=\"elementor-background-overlay\"><\/div>\n\t\t\t\t\t\t\t<div class=\"elementor-container elementor-column-gap-default\">\n\t\t\t\t\t<div class=\"elementor-column elementor-col-100 elementor-top-column elementor-element elementor-element-bb21d6a\" data-id=\"bb21d6a\" data-element_type=\"column\" data-e-type=\"column\">\n\t\t\t<div class=\"elementor-widget-wrap elementor-element-populated\">\n\t\t\t\t\t\t<div class=\"elementor-element elementor-element-526ff10 elementor-widget elementor-widget-tmpcoder_breadcrumb\" data-id=\"526ff10\" data-element_type=\"widget\" data-e-type=\"widget\" data-widget_type=\"tmpcoder_breadcrumb.default\">\n\t\t\t\t<div class=\"elementor-widget-container\">\n\t\t\t\t\t\n        <div class=\"row\">\n            <div class=\"col-md-12\">\n                <div class=\"page-banner\">\n                    <h1 class=\"sub-banner-title yes\">Om oss<\/h1>                <\/div>\n            <\/div>\n        <\/div>\n\n        \t\t\t\t<\/div>\n\t\t\t\t<\/div>\n\t\t\t\t\t<\/div>\n\t\t<\/div>\n\t\t\t\t\t<\/div>\n\t\t<\/section>\n\t\t\t\t<section class=\"elementor-section elementor-top-section elementor-element elementor-element-9b1faa4 elementor-section-boxed elementor-section-height-default elementor-section-height-default tmpcoder-jarallax-no tmpcoder-parallax-no tmpcoder-particle-no tmpcoder-sticky-section-no\" data-id=\"9b1faa4\" data-element_type=\"section\" data-e-type=\"section\">\n\t\t\t\t\t\t<div class=\"elementor-container elementor-column-gap-default\">\n\t\t\t\t\t<div class=\"elementor-column elementor-col-50 elementor-top-column elementor-element elementor-element-5e87865 elementor-invisible\" data-id=\"5e87865\" data-element_type=\"column\" data-e-type=\"column\" data-settings=\"{&quot;animation&quot;:&quot;fadeInLeft&quot;}\">\n\t\t\t<div class=\"elementor-widget-wrap elementor-element-populated\">\n\t\t\t\t\t\t<div class=\"elementor-element elementor-element-72755d6 elementor-widget elementor-widget-image\" data-id=\"72755d6\" data-element_type=\"widget\" data-e-type=\"widget\" data-widget_type=\"image.default\">\n\t\t\t\t<div class=\"elementor-widget-container\">\n\t\t\t\t\t\t\t\t\t\t\t\t\t\t\t<img fetchpriority=\"high\" decoding=\"async\" width=\"471\" height=\"417\" src=\"https:\/\/soccertickets.shop\/wp-content\/uploads\/2025\/02\/globalfans-tickets-shopsign.png\" class=\"attachment-full size-full wp-image-23547\" alt=\"\" srcset=\"https:\/\/soccertickets.shop\/wp-content\/uploads\/2025\/02\/globalfans-tickets-shopsign.png 471w, https:\/\/soccertickets.shop\/wp-content\/uploads\/2025\/02\/globalfans-tickets-shopsign-360x319.png 360w\" sizes=\"(max-width: 471px) 100vw, 471px\" \/>\t\t\t\t\t\t\t\t\t\t\t\t\t\t\t<\/div>\n\t\t\t\t<\/div>\n\t\t\t\t\t<\/div>\n\t\t<\/div>\n\t\t\t\t<div class=\"elementor-column elementor-col-50 elementor-top-column elementor-element elementor-element-7f5e5aa elementor-invisible\" data-id=\"7f5e5aa\" data-element_type=\"column\" data-e-type=\"column\" data-settings=\"{&quot;animation&quot;:&quot;fadeInRight&quot;}\">\n\t\t\t<div class=\"elementor-widget-wrap elementor-element-populated\">\n\t\t\t\t\t\t<div class=\"elementor-element elementor-element-745edef elementor-widget elementor-widget-heading\" data-id=\"745edef\" data-element_type=\"widget\" data-e-type=\"widget\" data-widget_type=\"heading.default\">\n\t\t\t\t<div class=\"elementor-widget-container\">\n\t\t\t\t\t<h3 class=\"elementor-heading-title elementor-size-default\">Hvem er vi?<\/h3>\t\t\t\t<\/div>\n\t\t\t\t<\/div>\n\t\t\t\t<div class=\"elementor-element elementor-element-3ad0a06 elementor-widget__width-initial elementor-widget elementor-widget-text-editor\" data-id=\"3ad0a06\" data-element_type=\"widget\" data-e-type=\"widget\" data-widget_type=\"text-editor.default\">\n\t\t\t\t<div class=\"elementor-widget-container\">\n\t\t\t\t\t\t\t\t\t<p>Globalfans er en del av Global Sports Media AS, registrert i Norge.<\/p><p>Alle v\u00e5re billetter er fra offisielle partnere av klubbene, og er 100% ekte og trygge. Vi pr\u00f8ver \u00e5 hjelpe alle med \u00e5 finne gode billetter til fornuftige priser. Vi holder ogs\u00e5 p\u00e5 \u00e5 lage en app, der du kan velge \u00e5 f\u00f8lge ditt favorittlag, og dermed se billetter for dem automatisk, og f\u00e5 varsler n\u00e5r det kommer ut nye billetter for ditt lag.<\/p>\t\t\t\t\t\t\t\t<\/div>\n\t\t\t\t<\/div>\n\t\t\t\t\t<\/div>\n\t\t<\/div>\n\t\t\t\t\t<\/div>\n\t\t<\/section>\n\t\t\t\t<section class=\"elementor-section elementor-top-section elementor-element elementor-element-2da8c29 elementor-section-boxed elementor-section-height-default elementor-section-height-default tmpcoder-jarallax-no tmpcoder-parallax-no tmpcoder-particle-no tmpcoder-sticky-section-no\" data-id=\"2da8c29\" data-element_type=\"section\" data-e-type=\"section\" data-settings=\"{&quot;background_background&quot;:&quot;classic&quot;}\">\n\t\t\t\t\t\t<div class=\"elementor-container elementor-column-gap-default\">\n\t\t\t\t\t<div class=\"elementor-column elementor-col-100 elementor-top-column elementor-element elementor-element-17c30ce\" data-id=\"17c30ce\" data-element_type=\"column\" data-e-type=\"column\">\n\t\t\t<div class=\"elementor-widget-wrap elementor-element-populated\">\n\t\t\t\t\t\t<section class=\"elementor-section elementor-inner-section elementor-element elementor-element-2aba9e2 elementor-section-boxed elementor-section-height-default elementor-section-height-default tmpcoder-jarallax-no tmpcoder-parallax-no tmpcoder-particle-no tmpcoder-sticky-section-no\" data-id=\"2aba9e2\" data-element_type=\"section\" data-e-type=\"section\">\n\t\t\t\t\t\t<div class=\"elementor-container elementor-column-gap-default\">\n\t\t\t\t\t<div class=\"elementor-column elementor-col-33 elementor-inner-column elementor-element elementor-element-673876b elementor-invisible\" data-id=\"673876b\" data-element_type=\"column\" data-e-type=\"column\" data-settings=\"{&quot;animation&quot;:&quot;fadeInUp&quot;}\">\n\t\t\t<div class=\"elementor-widget-wrap elementor-element-populated\">\n\t\t\t\t\t\t<div class=\"elementor-element elementor-element-609b645 elementor-position-inline-start elementor-view-default elementor-mobile-position-block-start elementor-widget elementor-widget-icon-box\" data-id=\"609b645\" data-element_type=\"widget\" data-e-type=\"widget\" data-widget_type=\"icon-box.default\">\n\t\t\t\t<div class=\"elementor-widget-container\">\n\t\t\t\t\t\t\t<div class=\"elementor-icon-box-wrapper\">\n\n\t\t\t\t\t\t<div class=\"elementor-icon-box-icon\">\n\t\t\t\t<span  class=\"elementor-icon\">\n\t\t\t\t<svg xmlns=\"http:\/\/www.w3.org\/2000\/svg\" id=\"Layer_1\" data-name=\"Layer 1\" viewbox=\"0 0 589 676\"><title>1<\/title><path d=\"M400,75,118.5,237.5v325L400,725,681.5,562.5v-325Z\" transform=\"translate(-105.5 -62)\" fill=\"none\" stroke=\"#000\" stroke-linecap=\"round\" stroke-linejoin=\"round\" stroke-width=\"26\"><\/path><line x1=\"13\" y1=\"175.5\" x2=\"294.5\" y2=\"338\" fill=\"none\" stroke=\"#000\" stroke-linecap=\"round\" stroke-linejoin=\"round\" stroke-width=\"26\"><\/line><line x1=\"294.5\" y1=\"663\" x2=\"294.5\" y2=\"338\" fill=\"none\" stroke=\"#000\" stroke-linecap=\"round\" stroke-linejoin=\"round\" stroke-width=\"26\"><\/line><line x1=\"576\" y1=\"175.5\" x2=\"294.5\" y2=\"338\" fill=\"none\" stroke=\"#000\" stroke-linecap=\"round\" stroke-linejoin=\"round\" stroke-width=\"26\"><\/line><\/svg>\t\t\t\t<\/span>\n\t\t\t<\/div>\n\t\t\t\n\t\t\t\t\t\t<div class=\"elementor-icon-box-content\">\n\n\t\t\t\t\t\t\t\t\t<h6 class=\"elementor-icon-box-title\">\n\t\t\t\t\t\t<span  >\n\t\t\t\t\t\t\tE tickets\t\t\t\t\t\t<\/span>\n\t\t\t\t\t<\/h6>\n\t\t\t\t\n\t\t\t\t\t\t\t\t\t<p class=\"elementor-icon-box-description\">\n\t\t\t\t\t\tTickets sent to your email\t\t\t\t\t<\/p>\n\t\t\t\t\n\t\t\t<\/div>\n\t\t\t\n\t\t<\/div>\n\t\t\t\t\t\t<\/div>\n\t\t\t\t<\/div>\n\t\t\t\t\t<\/div>\n\t\t<\/div>\n\t\t\t\t<div class=\"elementor-column elementor-col-33 elementor-inner-column elementor-element elementor-element-5fce24b elementor-invisible\" data-id=\"5fce24b\" data-element_type=\"column\" data-e-type=\"column\" data-settings=\"{&quot;animation&quot;:&quot;fadeInUp&quot;}\">\n\t\t\t<div class=\"elementor-widget-wrap elementor-element-populated\">\n\t\t\t\t\t\t<div class=\"elementor-element elementor-element-e91e11a elementor-position-inline-start elementor-view-default elementor-mobile-position-block-start elementor-widget elementor-widget-icon-box\" data-id=\"e91e11a\" data-element_type=\"widget\" data-e-type=\"widget\" data-widget_type=\"icon-box.default\">\n\t\t\t\t<div class=\"elementor-widget-container\">\n\t\t\t\t\t\t\t<div class=\"elementor-icon-box-wrapper\">\n\n\t\t\t\t\t\t<div class=\"elementor-icon-box-icon\">\n\t\t\t\t<span  class=\"elementor-icon\">\n\t\t\t\t<svg xmlns=\"http:\/\/www.w3.org\/2000\/svg\" id=\"Layer_1\" data-name=\"Layer 1\" viewbox=\"0 0 442.3 508.52\"><title>2<\/title><path d=\"M376.7,0H131.3c2,61.4-43.6,101.1-98.2,98.2v68.4C37.6,423,254,508,254,508s214.3-85,220.9-341.4V98.2C407.9,103.9,371.7,41.3,376.7,0ZM49.5,166.6V114.2a106.6,106.6,0,0,0,97.9-97.9h98.5V123.1a98.36,98.36,0,0,0-89.6,89.6H52.6A353.42,353.42,0,0,1,49.5,166.6ZM245.8,485.9C144.9,434.8,74.6,338.7,55,229H156.2a98.36,98.36,0,0,0,89.6,89.6V485.9Zm-73.6-265A81.8,81.8,0,1,1,254,302.7,81.9,81.9,0,0,1,172.2,220.9Zm90,265V318.6A98.36,98.36,0,0,0,351.8,229H453C433.4,338.7,363.1,434.8,262.2,485.9ZM458.5,166.6a353.42,353.42,0,0,1-3.1,46.1H351.7a98.36,98.36,0,0,0-89.6-89.6V16.4h98.5a106.59,106.59,0,0,0,97.9,97.8Z\" transform=\"translate(-32.85 0.25)\" stroke=\"#000\" stroke-miterlimit=\"10\" stroke-width=\"0.5\"><\/path><polygon points=\"262.95 182.65 203.35 242.25 179.35 218.35 167.75 229.85 203.35 265.45 274.55 194.15 262.95 182.65\" stroke=\"#000\" stroke-miterlimit=\"10\" stroke-width=\"0.5\"><\/polygon><\/svg>\t\t\t\t<\/span>\n\t\t\t<\/div>\n\t\t\t\n\t\t\t\t\t\t<div class=\"elementor-icon-box-content\">\n\n\t\t\t\t\t\t\t\t\t<h6 class=\"elementor-icon-box-title\">\n\t\t\t\t\t\t<span  >\n\t\t\t\t\t\t\tSikker betaling\t\t\t\t\t\t<\/span>\n\t\t\t\t\t<\/h6>\n\t\t\t\t\n\t\t\t\t\t\t\t\t\t<p class=\"elementor-icon-box-description\">\n\t\t\t\t\t\tSikker betaling gjennom stripe\t\t\t\t\t<\/p>\n\t\t\t\t\n\t\t\t<\/div>\n\t\t\t\n\t\t<\/div>\n\t\t\t\t\t\t<\/div>\n\t\t\t\t<\/div>\n\t\t\t\t\t<\/div>\n\t\t<\/div>\n\t\t\t\t<div class=\"elementor-column elementor-col-33 elementor-inner-column elementor-element elementor-element-fafe049 elementor-invisible\" data-id=\"fafe049\" data-element_type=\"column\" data-e-type=\"column\" data-settings=\"{&quot;animation&quot;:&quot;fadeInUp&quot;}\">\n\t\t\t<div class=\"elementor-widget-wrap elementor-element-populated\">\n\t\t\t\t\t\t<div class=\"elementor-element elementor-element-7e8f06d elementor-position-inline-start elementor-view-default elementor-mobile-position-block-start elementor-widget elementor-widget-icon-box\" data-id=\"7e8f06d\" data-element_type=\"widget\" data-e-type=\"widget\" data-widget_type=\"icon-box.default\">\n\t\t\t\t<div class=\"elementor-widget-container\">\n\t\t\t\t\t\t\t<div class=\"elementor-icon-box-wrapper\">\n\n\t\t\t\t\t\t<div class=\"elementor-icon-box-icon\">\n\t\t\t\t<span  class=\"elementor-icon\">\n\t\t\t\t<svg xmlns=\"http:\/\/www.w3.org\/2000\/svg\" id=\"Layer_1\" data-name=\"Layer 1\" viewbox=\"0 0 626 534.03\"><title>3<\/title><path d=\"M100,650V232.25A82.37,82.37,0,0,1,182.25,150h435.5A82.37,82.37,0,0,1,700,232.25v285.5A82.37,82.37,0,0,1,617.75,600H200Z\" transform=\"translate(-87 -137)\" fill=\"none\" stroke=\"#000\" stroke-width=\"26\"><\/path><line x1=\"113\" y1=\"163\" x2=\"513\" y2=\"163\" fill=\"none\" stroke=\"#000\" stroke-width=\"26\"><\/line><line x1=\"113\" y1=\"313\" x2=\"513\" y2=\"313\" fill=\"none\" stroke=\"#000\" stroke-width=\"26\"><\/line><\/svg>\t\t\t\t<\/span>\n\t\t\t<\/div>\n\t\t\t\n\t\t\t\t\t\t<div class=\"elementor-icon-box-content\">\n\n\t\t\t\t\t\t\t\t\t<h6 class=\"elementor-icon-box-title\">\n\t\t\t\t\t\t<span  >\n\t\t\t\t\t\t\t24\/7 Support\t\t\t\t\t\t<\/span>\n\t\t\t\t\t<\/h6>\n\t\t\t\t\n\t\t\t\t\t\t\t\t\t<p class=\"elementor-icon-box-description\">\n\t\t\t\t\t\tTilgjengelig for \u00e5 hjelpe\t\t\t\t\t<\/p>\n\t\t\t\t\n\t\t\t<\/div>\n\t\t\t\n\t\t<\/div>\n\t\t\t\t\t\t<\/div>\n\t\t\t\t<\/div>\n\t\t\t\t\t<\/div>\n\t\t<\/div>\n\t\t\t\t\t<\/div>\n\t\t<\/section>\n\t\t\t\t\t<\/div>\n\t\t<\/div>\n\t\t\t\t\t<\/div>\n\t\t<\/section>\n\t\t\t\t<section class=\"elementor-section elementor-top-section elementor-element elementor-element-0da159f elementor-section-boxed elementor-section-height-default elementor-section-height-default tmpcoder-jarallax-no tmpcoder-parallax-no tmpcoder-particle-no tmpcoder-sticky-section-no\" data-id=\"0da159f\" data-element_type=\"section\" data-e-type=\"section\">\n\t\t\t\t\t\t<div class=\"elementor-container elementor-column-gap-default\">\n\t\t\t\t\t<div class=\"elementor-column elementor-col-100 elementor-top-column elementor-element elementor-element-0721a8e\" data-id=\"0721a8e\" data-element_type=\"column\" data-e-type=\"column\">\n\t\t\t<div class=\"elementor-widget-wrap elementor-element-populated\">\n\t\t\t\t\t\t<div class=\"elementor-element elementor-element-8f745b0 elementor-invisible elementor-widget elementor-widget-heading\" data-id=\"8f745b0\" data-element_type=\"widget\" data-e-type=\"widget\" data-settings=\"{&quot;_animation&quot;:&quot;fadeInUp&quot;}\" data-widget_type=\"heading.default\">\n\t\t\t\t<div class=\"elementor-widget-container\">\n\t\t\t\t\t<h3 class=\"elementor-heading-title elementor-size-default\">Hva sier v\u00e5re kunder?<\/h3>\t\t\t\t<\/div>\n\t\t\t\t<\/div>\n\t\t\t\t<div class=\"elementor-element elementor-element-86276c1 tmpcoder-testimonial-slider-columns--tablet2 tmpcoder-testimonial-slider-columns-2 tmpcoder-testimonial-slider-columns--tablet_extra2 tmpcoder-testimonial-slider-columns--mobile1 tmpcoder-testimonial-rating-style_2 tmpcoder-testimonial-triangle-yes tmpcoder-testimonial-meta-position-bottom tmpcoder-testimonial-meta-align-center tmpcoder-testimonial-image-position-center tmpcoder-testimonial-nav-position-custom elementor-invisible elementor-widget elementor-widget-tmpcoder-testimonial\" data-id=\"86276c1\" data-element_type=\"widget\" data-e-type=\"widget\" data-settings=\"{&quot;testimonial_amount_tablet&quot;:&quot;2&quot;,&quot;testimonial_amount&quot;:&quot;2&quot;,&quot;testimonial_slides_to_scroll&quot;:1,&quot;_animation&quot;:&quot;fadeInUp&quot;,&quot;testimonial_amount_tablet_extra&quot;:&quot;2&quot;,&quot;testimonial_amount_mobile&quot;:1,&quot;testimonial_loop&quot;:&quot;yes&quot;}\" data-widget_type=\"tmpcoder-testimonial.default\">\n\t\t\t\t<div class=\"elementor-widget-container\">\n\t\t\t\t\t\t\t<div class=\"tmpcoder-testimonial-carousel-wrap\">\n\t\t\t\n\t\t\t<div class=\"tmpcoder-testimonial-carousel\" dir=\"ltr\" data-slick=\"{&quot;rtl&quot;:false,&quot;infinite&quot;:true,&quot;speed&quot;:1200,&quot;arrows&quot;:true,&quot;dots&quot;:true,&quot;autoplay&quot;:false,&quot;autoplaySpeed&quot;:0,&quot;pauseOnHover&quot;:null,&quot;prevArrow&quot;:&quot;#tmpcoder-testimonial-prev-86276c1&quot;,&quot;nextArrow&quot;:&quot;#tmpcoder-testimonial-next-86276c1&quot;,&quot;sliderSlidesToScroll&quot;:1}\" data-slide-effect=\"fade\">\t\t\t\t\t\n\t\t\t\t\t\n\t\t\t\t\t\t\t\t\t\t\t\n\t\t\t\t\t\t<div class=\"tmpcoder-testimonial-item elementor-repeater-item-f8542be elementor-clearfix\">\n\t\t\t\t\t\t\t\n\t\t\t\t\t\t\t<div class=\"tmpcoder-testimonial-meta elementor-clearfix\">\n\t\t\t\t\t\t\t\t<div class=\"tmpcoder-testimonial-meta-inner\">\n\t\t\t\t\t\t\t\t\n\t\t\t\t\t<div class=\"tmpcoder-testimonial-image\">\n\n\t\t\t\t<img decoding=\"async\" width=\"200\" height=\"200\" src=\"https:\/\/soccertickets.shop\/wp-content\/uploads\/2024\/10\/test-2.jpg\" class=\"attachment-full size-full wp-image-224\" alt=\"Denise Rown\" srcset=\"https:\/\/soccertickets.shop\/wp-content\/uploads\/2024\/10\/test-2.jpg 200w, https:\/\/soccertickets.shop\/wp-content\/uploads\/2024\/10\/test-2-70x70.jpg 70w, https:\/\/soccertickets.shop\/wp-content\/uploads\/2024\/10\/test-2-100x100.jpg 100w\" sizes=\"(max-width: 200px) 100vw, 200px\" \/>\n\t\t\t<\/div>\n\t\t\n\t\t\t\n\t\t<div class=\"tmpcoder-testimonial-meta-content-wrap\">\n\t\t\t\t\t\t\t<div class=\"tmpcoder-testimonial-name\">Denise Rown<\/div>\n\t\t\t\n\t\t\t\n\t\t\t\n\t\t<\/div>\n\t\t\t\t\t\t\t\t\t\t<\/div>\n\t\t\t\t\t\t\t<\/div>\n\n\t\t\t\t\t\t\t\n\t\t<div class=\"tmpcoder-testimonial-content-wrap\">\n\t\t\t<div class=\"tmpcoder-testimonial-content-inner\">\n\t\t\t\t\t\t\t<div class=\"tmpcoder-testimonial-icon\">\n\t\t\t\t\t<i class=\"fas fa-quote-left\"><\/i>\t\t\t\t<\/div>\n\t\t\t\n\t\t\t\n\t\t\t\n\t\t\t\t\t\t\t<div class=\"tmpcoder-testimonial-content\">\n\t\t\t\t\t\n\t\t\t\t\t<p><p>Dette var en enkel prosess, som overgikk mine forventninger. God kommunikasjon og alt gikk str\u00e5lende p\u00e5 kamp.<\/p><\/p>\n\t\t\t\t<\/div>\n\t\t\t\n\t\t\t\t\t\t\t\t\n\n\t\t\t<div class=\"tmpcoder-testimonial-rating\">\n\t\t\t\t\t\t\t\t\t\t\t\t<i class=\"tmpcoder-rating-icon-full\">&#9734;<\/i>\n\t\t\t\t\t     \t\t\t\t\t\t\t\t\t\t<i class=\"tmpcoder-rating-icon-full\">&#9734;<\/i>\n\t\t\t\t\t     \t\t\t\t\t\t\t\t\t\t<i class=\"tmpcoder-rating-icon-full\">&#9734;<\/i>\n\t\t\t\t\t     \t\t\t\t\t\t\t\t\t\t<i class=\"tmpcoder-rating-icon-full\">&#9734;<\/i>\n\t\t\t\t\t     \t\t\t\t\t\t\t\t\t\t<i class=\"tmpcoder-rating-icon-full\">&#9734;<\/i>\n\t\t\t\t\t     \t\t\t\t\t\t\t\t\t\t<i class=\"tmpcoder-rating-icon-full\">&#9734;<\/i>\n\t\t\t\t\t     \t\t\t\t\t\t\t\t\t\t<i class=\"tmpcoder-rating-icon-5\">&#9734;<\/i>\n\t\t\t\t\t     \t\n\t     \t\t\t\t<\/div>\n\n\t\t\t\t\n\t\t\t\t\t\t<\/div>\n\t\t<\/div>\n\n\t\n\t\t\t\t\t\t\t\n\t\t\t\t\t\t<\/div>\n\t\t\t\t\t\t\n\t\t\t\t\t\t\t\t\t\t\t\n\t\t\t\t\t\t<div class=\"tmpcoder-testimonial-item elementor-repeater-item-72821ae elementor-clearfix\">\n\t\t\t\t\t\t\t\n\t\t\t\t\t\t\t<div class=\"tmpcoder-testimonial-meta elementor-clearfix\">\n\t\t\t\t\t\t\t\t<div class=\"tmpcoder-testimonial-meta-inner\">\n\t\t\t\t\t\t\t\t\n\t\t\t\t\t<div class=\"tmpcoder-testimonial-image\">\n\n\t\t\t\t<img decoding=\"async\" width=\"636\" height=\"780\" src=\"https:\/\/soccertickets.shop\/wp-content\/uploads\/2024\/10\/team-1-min-1.jpg\" class=\"attachment-full size-full wp-image-204\" alt=\"Malvin hoset\" srcset=\"https:\/\/soccertickets.shop\/wp-content\/uploads\/2024\/10\/team-1-min-1.jpg 636w, https:\/\/soccertickets.shop\/wp-content\/uploads\/2024\/10\/team-1-min-1-360x442.jpg 360w, https:\/\/soccertickets.shop\/wp-content\/uploads\/2024\/10\/team-1-min-1-481x590.jpg 481w, https:\/\/soccertickets.shop\/wp-content\/uploads\/2024\/10\/team-1-min-1-600x736.jpg 600w\" sizes=\"(max-width: 636px) 100vw, 636px\" \/>\n\t\t\t<\/div>\n\t\t\n\t\t\t\n\t\t<div class=\"tmpcoder-testimonial-meta-content-wrap\">\n\t\t\t\t\t\t\t<div class=\"tmpcoder-testimonial-name\">Malvin hoset<\/div>\n\t\t\t\n\t\t\t\n\t\t\t\n\t\t<\/div>\n\t\t\t\t\t\t\t\t\t\t<\/div>\n\t\t\t\t\t\t\t<\/div>\n\n\t\t\t\t\t\t\t\n\t\t<div class=\"tmpcoder-testimonial-content-wrap\">\n\t\t\t<div class=\"tmpcoder-testimonial-content-inner\">\n\t\t\t\t\t\t\t<div class=\"tmpcoder-testimonial-icon\">\n\t\t\t\t\t<i class=\"fas fa-quote-left\"><\/i>\t\t\t\t<\/div>\n\t\t\t\n\t\t\t\n\t\t\t\n\t\t\t\t\t\t\t<div class=\"tmpcoder-testimonial-content\">\n\t\t\t\t\t\n\t\t\t\t\t<p><p>Billetter levert og mottatt som beskrevet. Vi er veldig forn\u00f8gde.<\/p><\/p>\n\t\t\t\t<\/div>\n\t\t\t\n\t\t\t\t\t\t\t\t\n\n\t\t\t<div class=\"tmpcoder-testimonial-rating\">\n\t\t\t\t\t\t\t\t\t\t\t\t<i class=\"tmpcoder-rating-icon-full\">&#9734;<\/i>\n\t\t\t\t\t     \t\t\t\t\t\t\t\t\t\t<i class=\"tmpcoder-rating-icon-full\">&#9734;<\/i>\n\t\t\t\t\t     \t\t\t\t\t\t\t\t\t\t<i class=\"tmpcoder-rating-icon-full\">&#9734;<\/i>\n\t\t\t\t\t     \t\t\t\t\t\t\t\t\t\t<i class=\"tmpcoder-rating-icon-full\">&#9734;<\/i>\n\t\t\t\t\t     \t\t\t\t\t\t\t\t\t\t<i class=\"tmpcoder-rating-icon-full\">&#9734;<\/i>\n\t\t\t\t\t     \t\t\t\t\t\t\t\t\t\t<i class=\"tmpcoder-rating-icon-8\">&#9734;<\/i>\n\t\t\t\t\t     \t\t\t\t\t\t\t\t\t\t<i class=\"tmpcoder-rating-icon-empty\">&#9734;<\/i>\n\t\t\t\t\t     \t\n\t     \t\t\t\t<\/div>\n\n\t\t\t\t\n\t\t\t\t\t\t<\/div>\n\t\t<\/div>\n\n\t\n\t\t\t\t\t\t\t\n\t\t\t\t\t\t<\/div>\n\t\t\t\t\t\t\t\t\t<\/div>\n\n\t\t\t<div class=\"tmpcoder-testimonial-controls\">\n\t\t\t\t<div class=\"tmpcoder-testimonial-dots\"><\/div>\n\t\t\t<\/div>\n\n\t\t\t<div class=\"tmpcoder-testimonial-arrow-container\">\n\t\t\t\t<div class=\"tmpcoder-testimonial-prev-arrow tmpcoder-testimonial-arrow\" id=\"tmpcoder-testimonial-prev-86276c1\">\n\t\t\t\t\t\t\t\t\t<\/div>\n\t\t\t\t<div class=\"tmpcoder-testimonial-next-arrow tmpcoder-testimonial-arrow\" id=\"tmpcoder-testimonial-next-86276c1\">\n\t\t\t\t\t\t\t\t\t<\/div>\n\t\t\t<\/div>\n\t\t<\/div>\n\n\t\t\t\t\t<\/div>\n\t\t\t\t<\/div>\n\t\t\t\t\t<\/div>\n\t\t<\/div>\n\t\t\t\t\t<\/div>\n\t\t<\/section>\n\t\t\t\t<\/div>","protected":false},"excerpt":{"rendered":"<p>About Us Who We Are? Globalfans are a part of Global Sports Media AS, registered in Norway. All our tickets are from official partners from the worlds leading soccer clubs. All our tickets are 100% safe and guaranteed legit. We aim to help everyone get tickets for good prices. We also are in the process [&hellip;]<\/p>","protected":false},"author":1,"featured_media":0,"parent":0,"menu_order":0,"comment_status":"closed","ping_status":"closed","template":"elementor_header_footer","meta":{"_acf_changed":false,"footnotes":""},"class_list":["post-79","page","type-page","status-publish","hentry"],"acf":[],"_links":{"self":[{"href":"https:\/\/soccertickets.shop\/nb\/wp-json\/wp\/v2\/pages\/79","targetHints":{"allow":["GET"]}}],"collection":[{"href":"https:\/\/soccertickets.shop\/nb\/wp-json\/wp\/v2\/pages"}],"about":[{"href":"https:\/\/soccertickets.shop\/nb\/wp-json\/wp\/v2\/types\/page"}],"author":[{"embeddable":true,"href":"https:\/\/soccertickets.shop\/nb\/wp-json\/wp\/v2\/users\/1"}],"replies":[{"embeddable":true,"href":"https:\/\/soccertickets.shop\/nb\/wp-json\/wp\/v2\/comments?post=79"}],"version-history":[{"count":16,"href":"https:\/\/soccertickets.shop\/nb\/wp-json\/wp\/v2\/pages\/79\/revisions"}],"predecessor-version":[{"id":24972,"href":"https:\/\/soccertickets.shop\/nb\/wp-json\/wp\/v2\/pages\/79\/revisions\/24972"}],"wp:attachment":[{"href":"https:\/\/soccertickets.shop\/nb\/wp-json\/wp\/v2\/media?parent=79"}],"curies":[{"name":"wp","href":"https:\/\/api.w.org\/{rel}","templated":true}]}}